{"id":417,"date":"2014-02-19T22:39:44","date_gmt":"2014-02-19T21:39:44","guid":{"rendered":"https:\/\/www.semillasdelarte.com\/?page_id=417"},"modified":"2025-06-17T12:20:24","modified_gmt":"2025-06-17T10:20:24","slug":"inicio","status":"publish","type":"page","link":"https:\/\/www.semillasdelarte.com\/","title":{"rendered":"Inicio"},"content":{"rendered":"<p style=\"text-align: justify;\"><a href=\"https:\/\/www.semillasdelarte.com\/wp-content\/images\/grupo1.jpg\"><img loading=\"lazy\" decoding=\"async\" class=\"alignleft  wp-image-101\" style=\"width: 180px; height: 115px;\" src=\"https:\/\/www.semillasdelarte.com\/wp-content\/images\/grupo1-300x200.jpg\" alt=\"grupo1\" width=\"300\" height=\"112\" \/><\/a>\u201cSemillas del Arte\u201d es m\u00e1s que un grupo folkl\u00f3rico. Es un pu\u00f1ado de personas cargadas de sensibilidad que tratan de dar a conocer lo mejor de su pueblo a trav\u00e9s de sus coplas, bailes, voces y ritmos.<\/p>\n<p style=\"text-align: justify;\">Grupo de danzas, ramillete de personas que se entregan a esa noble tarea de difundir con orgullo su identidad y sus ra\u00edces.<\/p>\n<p style=\"text-align: justify;\">Nace \u201cSemillas\u201d en 1971 gracias a la iniciativa de un grupo de pueblanos y la aportaci\u00f3n de sus dos pilares fundamentales: el Padre Benjam\u00edn Bustamante Madrid y el core\u00f3grafo D. Juan Jos\u00e9 Linares Marti\u00e1\u00f1ez.<\/p>\n<p style=\"text-align: justify;\"><a href=\"https:\/\/www.semillasdelarte.com\/wp-content\/images\/grupo32.jpg\"><img loading=\"lazy\" decoding=\"async\" class=\"alignleft  wp-image-105\" style=\"width: 161px; height: 129px;\" src=\"https:\/\/www.semillasdelarte.com\/wp-content\/images\/grupo32-300x232.jpg\" alt=\"grupo32\" width=\"300\" height=\"175\" \/><\/a>Desde su fundaci\u00f3n, \u201cSemillas\u201d se dedica a la investigaci\u00f3n, ense\u00f1anza y difusi\u00f3n\u00a0 en La Puebla, Provincia, Regi\u00f3n y all\u00ed donde es requerida su presencia con su m\u00e1s castizo y aut\u00f3ctono folklore. Fruto de sus pretenciosos al par que tenaces trabajos son los tres vol\u00famenes-casetes, su DVD&#8217;s y el libro \u00abLos de la varita\u00bb. Ellos recogen lo principal del acerbo musical que en investigaciones y operaciones rescate se han podido recuperar a tiempo, mediante la viva voz de ancianos y personas cualificadas de la localidad.<\/p>\n<p style=\"text-align: justify;\">Organiza festivales de exhibici\u00f3n, \u201cAires del Tajo\u201d en su modalidad de adultos e infantil, en las Fiestas Patronales de La Puebla de Montalb\u00e1n. Anima las fiestas de los m\u00e1s diversos lugares, nacionales e internacionales, acude a semanas culturales, citas ben\u00e9ficas, asiste a cursos de renovaci\u00f3n folkl\u00f3rica, asambleas, concursos regionales y nacionales. Menci\u00f3n especial merece su participaci\u00f3n en cuatro finales del m\u00e1s prestigioso programa musical de TVE \u201cGENTE JOVEN\u201d. Semillas avanza incansable por todo el mundo, Francia, Suiza, Turqu\u00eda,\u00a0Austria, Dinamarca, Alemania, B\u00e9lgica, Polonia&#8230;<\/p>\n<p style=\"text-align: center;\"><strong><em>\u201cEl mundo nos viene chico para cantar y bailar,<\/em><\/strong><\/p>\n<p style=\"text-align: center;\"><strong><em>Semillas del Arte pide surcos en qu\u00e9 sembrar\u00bb<\/em><\/strong><\/p>\n\n\n<p><\/p>\n\n\n\n<p><\/p>\n\n\n\n<p style=\"text-align: justify;\">\n De la mano de dos de nuestros fundadores y presidentes de honor, Ces\u00e1reo Mor\u00f3n y Dolores Gonz\u00e1lez, se sintetiza y ejemplifica el rico folclore y la singular idiosincrasia de nuestro pueblo, La Puebla de Montalb\u00e1n (Toledo).<br>     <strong>Semillas del Arte<\/strong> representa las manifestaciones culturales y tradiciones populares de la localidad dentro del programa <strong>\u00abAs\u00ed es mi tierra\u00bb<\/strong>, una iniciativa de la Federaci\u00f3n Castellano-Manchega de Asociaciones de Folklore (Fedefolkcm), dedicada a la recopilaci\u00f3n, investigaci\u00f3n y difusi\u00f3n del valioso patrimonio cultural tradicional de Castilla-La Mancha. <\/p>\n\n\n\n<figure class=\"wp-block-embed is-type-video is-provider-youtube wp-block-embed-youtube wp-embed-aspect-16-9 wp-has-aspect-ratio\"><div class=\"wp-block-embed__wrapper\">\n<iframe loading=\"lazy\" title=\"ASI ES MI TIERRA  -RASGOS FOLKL\u00d3RICOS LA PUEBLA DE MONTALBAN\" width=\"640\" height=\"360\" src=\"https:\/\/www.youtube.com\/embed\/kSKdzYNt1r0?feature=oembed\" frameborder=\"0\" allow=\"accelerometer; autoplay; clipboard-write; encrypted-media; gyroscope; picture-in-picture; web-share\" referrerpolicy=\"strict-origin-when-cross-origin\" allowfullscreen><\/iframe>\n<\/div><\/figure>\n","protected":false},"excerpt":{"rendered":"<p>\u201cSemillas del Arte\u201d es m\u00e1s que un grupo folkl\u00f3rico. Es un pu\u00f1ado de personas cargadas de sensibilidad que tratan de dar a conocer lo mejor de su pueblo a trav\u00e9s de sus coplas, bailes, voces y ritmos. Grupo de danzas, &hellip; <a href=\"https:\/\/www.semillasdelarte.com\/\">Sigue leyendo <span class=\"meta-nav\">&rarr;<\/span><\/a><\/p>\n","protected":false},"author":1,"featured_media":0,"parent":0,"menu_order":0,"comment_status":"closed","ping_status":"closed","template":"","meta":{"footnotes":""},"class_list":["post-417","page","type-page","status-publish","hentry"],"_links":{"self":[{"href":"https:\/\/www.semillasdelarte.com\/index.php?rest_route=\/wp\/v2\/pages\/417"}],"collection":[{"href":"https:\/\/www.semillasdelarte.com\/index.php?rest_route=\/wp\/v2\/pages"}],"about":[{"href":"https:\/\/www.semillasdelarte.com\/index.php?rest_route=\/wp\/v2\/types\/page"}],"author":[{"embeddable":true,"href":"https:\/\/www.semillasdelarte.com\/index.php?rest_route=\/wp\/v2\/users\/1"}],"replies":[{"embeddable":true,"href":"https:\/\/www.semillasdelarte.com\/index.php?rest_route=%2Fwp%2Fv2%2Fcomments&post=417"}],"version-history":[{"count":9,"href":"https:\/\/www.semillasdelarte.com\/index.php?rest_route=\/wp\/v2\/pages\/417\/revisions"}],"predecessor-version":[{"id":734,"href":"https:\/\/www.semillasdelarte.com\/index.php?rest_route=\/wp\/v2\/pages\/417\/revisions\/734"}],"wp:attachment":[{"href":"https:\/\/www.semillasdelarte.com\/index.php?rest_route=%2Fwp%2Fv2%2Fmedia&parent=417"}],"curies":[{"name":"wp","href":"https:\/\/api.w.org\/{rel}","templated":true}]}}